{"id":10,"date":"2021-02-22T18:20:12","date_gmt":"2021-02-22T18:20:12","guid":{"rendered":"http:\/\/santonews.cl\/?page_id=10"},"modified":"2025-11-25T21:11:05","modified_gmt":"2025-11-25T21:11:05","slug":"about","status":"publish","type":"page","link":"https:\/\/santonews.cl\/?page_id=10","title":{"rendered":"Sobre Santo News"},"content":{"rendered":"\n<p><strong>SantoNews.cl<\/strong> es un <strong>medio de comunicaci\u00f3n digital independiente<\/strong> creado en <strong>2021<\/strong>, con el prop\u00f3sito de informar, conectar y fortalecer a la comunidad de <strong>Santo Domingo y la provincia de San Antonio<\/strong>.<\/p>\n\n\n\n<p>Desde nuestros inicios, nos hemos consolidado como el <strong>medio con mayor alcance digital de la comuna<\/strong>, gracias a un trabajo sostenido, cercano y profesional.<\/p>\n\n\n\n<p>\ud83d\udca1 Nuestro enfoque est\u00e1 en lo <strong>local y ciudadano<\/strong>: visibilizamos historias que importan, desde emprendimientos hasta temas de salud, cultura, medioambiente, deporte, educaci\u00f3n y m\u00e1s.<\/p>\n\n\n\n<p>\ud83d\udc65 Somos un equipo multidisciplinario de profesionales, tales como Ingenieros, Cientistas Pol\u00edticos, Administradores P\u00fablicos, Trabajadores Sociales, entre otros, comprometidos con una comunicaci\u00f3n responsable, inclusiva y de calidad. \ud83d\udce2 M\u00e1s que noticias, construimos comunidad:<\/p>\n\n\n\n<ul class=\"wp-block-list\">\n<li>Llegamos a <strong>m\u00e1s de 1 mill\u00f3n de cuentas<\/strong> en redes sociales en algunos de nuestros Reel<\/li>\n\n\n\n<li>Mantenemos una <strong>presencia informativa activa los 365 d\u00edas del a\u00f1o<\/strong>.<\/li>\n\n\n\n<li>Hemos apoyado <strong>a m\u00e1s de 40 emprendimientos locales<\/strong> con difusi\u00f3n directa.<\/li>\n\n\n\n<li>Publicamos contenido original, con enfoque positivo, claro y profesional.<\/li>\n<\/ul>\n\n\n\n<p>\ud83d\udc9b Creemos en el poder de la informaci\u00f3n local para transformar realidades y promover el desarrollo de nuestra provincia.<\/p>\n\n\n\n<h3 class=\"wp-block-heading\">Misi\u00f3n<\/h3>\n\n\n\n<p>En SantoNews, nuestra misi\u00f3n es democratizar el acceso a la informaci\u00f3n y el conocimiento en Santo Domingo y toda la provincia de San Antonio. Nos comprometemos a acercar a la comunidad local a un flujo constante de informaci\u00f3n relevante y educativa. Creemos firmemente que al proporcionar un acceso equitativo a la informaci\u00f3n, no solo ampliamos las oportunidades de aprendizaje, sino que tambi\u00e9n fortalecemos la conexi\u00f3n entre los ciudadanos y sus derechos. Este empoderamiento les permite tomar decisiones informadas que contribuyen a una sociedad m\u00e1s consciente, participativa y cohesionada.<\/p>\n\n\n\n<h3 class=\"wp-block-heading\">Visi\u00f3n<\/h3>\n\n\n\n<p>Nuestra visi\u00f3n en SantoNews es ser agentes de cambio positivo en nuestra comunidad. Como un grupo multidisciplinario de profesionales que ha regresado a nuestras ra\u00edces en Santo Domingo, aspiramos a promover el desarrollo y el bienestar en nuestro entorno. Nos gu\u00eda un fuerte sentido de arraigo y compromiso con nuestra comunidad, y estamos unidos en nuestro objetivo de impulsar el progreso y crear oportunidades para todos. Buscamos ser reconocidos como l\u00edderes en el fomento del crecimiento sostenible y la mejora de la calidad de vida en el lugar que consideramos nuestro hogar.<\/p>\n\n\n\n<h3 class=\"wp-block-heading\">Objetivos<\/h3>\n\n\n\n<ol class=\"wp-block-list\">\n<li><strong>Acceso Equitativo a la Informaci\u00f3n:<\/strong> Trabajamos para asegurar que cada individuo en Santo Domingo y la provincia de San Antonio tenga acceso a informaci\u00f3n relevante y de calidad, sin importar su situaci\u00f3n econ\u00f3mica o social.<\/li>\n\n\n\n<li><strong>Empoderamiento Ciudadano:<\/strong> Buscamos fortalecer la conexi\u00f3n entre los ciudadanos y sus derechos, capacit\u00e1ndolos con conocimiento para tomar decisiones informadas que impacten positivamente en sus vidas y en la comunidad.<\/li>\n\n\n\n<li><strong>Desarrollo Sostenible:<\/strong> Nos comprometemos a promover el crecimiento sostenible en nuestra regi\u00f3n, abordando los desaf\u00edos locales desde diversas perspectivas y trabajando en colaboraci\u00f3n con diferentes actores para impulsar el progreso.<\/li>\n\n\n\n<li><strong>Transversalidad, Democracia y Transparencia:<\/strong> Nuestra editorial se fundamenta en principios de transversalidad, democracia y transparencia. Nos esforzamos por ser una fuente confiable de informaci\u00f3n, abierta a diversas opiniones y puntos de vista, y comprometida con la verdad y la \u00e9tica period\u00edstica.<\/li>\n<\/ol>\n\n\n\n<h3 class=\"wp-block-heading\">Cont\u00e1ctanos<\/h3>\n\n\n\n<p>\u00a1Estamos aqu\u00ed para ti! Si deseas conocer m\u00e1s sobre nuestro trabajo o colaborar con nosotros, no dudes en escribirnos a <a>hola@santonews.cl<\/a>. Te invitamos a formar parte de esta iniciativa que busca construir una sociedad m\u00e1s informada, participativa y unida en Santo Domingo y la provincia de San Antonio.<\/p>\n\n\n<div class=\"wp-block-image\">\n<figure class=\"aligncenter size-large\"><img loading=\"lazy\" decoding=\"async\" width=\"450\" height=\"450\" src=\"https:\/\/santonews.cl\/wp-content\/uploads\/2025\/03\/Logo_2025_SN-1-450x450.png\" alt=\"\" class=\"wp-image-2020\" srcset=\"https:\/\/santonews.cl\/wp-content\/uploads\/2025\/03\/Logo_2025_SN-1-450x450.png 450w, https:\/\/santonews.cl\/wp-content\/uploads\/2025\/03\/Logo_2025_SN-1-300x300.png 300w, https:\/\/santonews.cl\/wp-content\/uploads\/2025\/03\/Logo_2025_SN-1-200x200.png 200w, https:\/\/santonews.cl\/wp-content\/uploads\/2025\/03\/Logo_2025_SN-1.png 500w\" sizes=\"auto, (max-width: 450px) 100vw, 450px\" \/><\/figure>\n<\/div>","protected":false},"excerpt":{"rendered":"<p>SantoNews.cl es un medio de comunicaci\u00f3n digital independiente creado en 2021, con el prop\u00f3sito de informar, conectar y fortalecer a la comunidad de Santo Domingo y la provincia de San Antonio. Desde&#8230;<\/p>\n","protected":false},"author":1,"featured_media":0,"parent":0,"menu_order":0,"comment_status":"closed","ping_status":"closed","template":"","meta":{"footnotes":""},"class_list":["post-10","page","type-page","status-publish","hentry"],"_links":{"self":[{"href":"https:\/\/santonews.cl\/index.php?rest_route=\/wp\/v2\/pages\/10","targetHints":{"allow":["GET"]}}],"collection":[{"href":"https:\/\/santonews.cl\/index.php?rest_route=\/wp\/v2\/pages"}],"about":[{"href":"https:\/\/santonews.cl\/index.php?rest_route=\/wp\/v2\/types\/page"}],"author":[{"embeddable":true,"href":"https:\/\/santonews.cl\/index.php?rest_route=\/wp\/v2\/users\/1"}],"replies":[{"embeddable":true,"href":"https:\/\/santonews.cl\/index.php?rest_route=%2Fwp%2Fv2%2Fcomments&post=10"}],"version-history":[{"count":7,"href":"https:\/\/santonews.cl\/index.php?rest_route=\/wp\/v2\/pages\/10\/revisions"}],"predecessor-version":[{"id":2436,"href":"https:\/\/santonews.cl\/index.php?rest_route=\/wp\/v2\/pages\/10\/revisions\/2436"}],"wp:attachment":[{"href":"https:\/\/santonews.cl\/index.php?rest_route=%2Fwp%2Fv2%2Fmedia&parent=10"}],"curies":[{"name":"wp","href":"https:\/\/api.w.org\/{rel}","templated":true}]}}